{"id":1399,"date":"2016-01-12T22:41:11","date_gmt":"2016-01-12T22:41:11","guid":{"rendered":"http:\/\/www.maranovalgatarasanrocco.it\/a\/?page_id=1399"},"modified":"2016-01-12T22:41:11","modified_gmt":"2016-01-12T22:41:11","slug":"beatrice-e-gli-occhi-di-maria","status":"publish","type":"page","link":"https:\/\/www.maranovalgatarasanrocco.it\/a\/?page_id=1399","title":{"rendered":"Beatrice e gli occhi di Maria"},"content":{"rendered":"<p>Nel confessionale di quella chiesetta c\u2019era particolarmente odore di stantio. Lo spazio era assai ristretto, ed ormai, dopo alcune ore, iniziavano a dolere le membra. Arriva una vecchietta e fa la sua consueta confessione. Poi entra una giovane, all\u2019apparenza poco pi\u00f9 che trent\u2019enne. Vuole parlare, mi chiedere se possiamo uscire di l\u00ec, perch\u00e9 le manca l\u2019aria. Accetto volentieri, cos\u00ec sgranchisco le membra anchilosate. Usciamo e passeggiamo attorno alla chiesetta, mentre l\u2019anziana rimane dentro a pregare.<br \/>\nFacciamo due passi, parlando del tempo, e improvvisamente la donna scoppia in un pianto irrefrenabile. \u201cNon volevo venire qui oggi. Mia nonna mi ha obbligato. Voleva assolutamente che la accompagnassi in Chiesa, per confessarsi e pregare. Io l\u2019ho presa in giro, ho detto che confessarsi non serve a nulla, le ho detto che non ho tempo. Mi ha rotto le scatole all\u2019infinito ed eccomi qui!\u201d \u201cBrava\u2026 alla fine hai ceduto. Cosa sta succedendo nel tuo cuore ora? Piangi come una ragazzina\u2026\u201d \u201cPadre, lei non pu\u00f2 immaginare cosa \u00e8 scattato in me, nei pochi minuti in cui sono rimasta in chiesa, mentre la nonna si confessava. Ho incrociato il volto di Maria. La statua, all\u2019ingresso della chiesa, mi ha impressionato. Il volto segnato dal dolore. Il figlio morto disteso sulle ginocchia. E gli occhi comunque irradiavano una luce particolare: mi ha ferito il cuore!\u201d \u201cMaria sa che Ges\u00f9 \u00e8 morto per la salvezza del mondo. Lei, la Madre, soffre incredibilmente, ma partecipa nella fede all\u2019offerta d\u2019amore del figlio suo\u2026\u201d \u201cPadre, anch\u2019io piango un figlio che non c\u2019\u00e8 pi\u00f9. Un figlio che non parla, non sorride, non corre come gli altri. Avrebbe 14 anni ora. Invece \u00e8 nella tomba. E la sua tomba \u00e8 il mio grembo!\u201d<br \/>\n\u201cFigliola, apri il tuo cuore a Dio, affidati a Maria, ti aiuter\u00e0 ad incontrare il perdono di Ges\u00f9! Nessun male \u00e8 cos\u00ec grande da non poter essere perdonato\u201d. \u201cNon ho mai avuto il coraggio di parlarne con nessuno. E\u2019 un dolore che porto con me da 14 anni. Mi lacera il cuore. Mio figlio non ha mai visto la luce, per colpa mia!\u201d \u201cTuo figlio \u00e8 con Ges\u00f9 ed ora ti perdona, insieme a lui. Non rimanere chiusa nel dolore, apriti alla vita\u201d. \u201cQuegli occhi di Maria mi hanno colpito. Sembrava mi aspettasse, per condividere con me il suo dolore di madre\u201d. \u201cMaria ti dice oggi che non sei qui per caso: Dio vuole offrirti il suo perdono\u2026 Non vuole che tu rimanga nel tuo dolore e nella tua disperazione! Eri soltanto una ragazzina, lasciata sola con una decisione disumana da prendere!\u201d \u201cChe posso fare io? Donna fallita per non aver accolto quella vita, madre ingrata di una creatura mai apparsa alla luce! Avevo 16 anni ma sapevo bene quel che facevo!\u201d \u201cDio avr\u00e0 piet\u00e0 di te e ti aprir\u00e0 strade nuove! Lasciati amare da lui!\u201d Le lacrime rigano il viso di quella giovane donna. Accoglie il perdono di Dio, tra i singhiozzi di un pianto liberante.<br \/>\nOra Beatrice collabora, come volontaria, in un centro di accoglienza per ragazze madri. Ha recuperato la fiducia in s\u00e9 e la certezza del perdono di Dio. Ancora oggi, per\u00f2, il pensiero di quel gesto la riempie di tristezza. Senza venir meno nella sua fiducia nell\u2019amore del Padre, non cessa di ripetermi: \u201cDio mi ha perdonata. Ma il mio cuore di madre non mi perdoner\u00e0 mai!\u201d<\/p>\n","protected":false},"excerpt":{"rendered":"<p>Nel confessionale di quella chiesetta c\u2019era particolarmente odore di stantio. Lo spazio era assai ristretto, ed ormai, dopo alcune ore, iniziavano a dolere le membra. Arriva una vecchietta e fa la sua consueta confessione. Poi entra una giovane, all\u2019apparenza poco pi\u00f9 che trent\u2019enne. Vuole parlare, mi chiedere se possiamo uscire di l\u00ec, perch\u00e9 le manca &hellip; <\/p>\n<p><a class=\"more-link btn\" href=\"https:\/\/www.maranovalgatarasanrocco.it\/a\/?page_id=1399\">Continua a leggere<\/a><\/p>\n","protected":false},"author":1,"featured_media":0,"parent":1379,"menu_order":6,"comment_status":"closed","ping_status":"closed","template":"","meta":{"footnotes":""},"class_list":["post-1399","page","type-page","status-publish","hentry","nodate","item-wrap"],"_links":{"self":[{"href":"https:\/\/www.maranovalgatarasanrocco.it\/a\/index.php?rest_route=\/wp\/v2\/pages\/1399","targetHints":{"allow":["GET"]}}],"collection":[{"href":"https:\/\/www.maranovalgatarasanrocco.it\/a\/index.php?rest_route=\/wp\/v2\/pages"}],"about":[{"href":"https:\/\/www.maranovalgatarasanrocco.it\/a\/index.php?rest_route=\/wp\/v2\/types\/page"}],"author":[{"embeddable":true,"href":"https:\/\/www.maranovalgatarasanrocco.it\/a\/index.php?rest_route=\/wp\/v2\/users\/1"}],"replies":[{"embeddable":true,"href":"https:\/\/www.maranovalgatarasanrocco.it\/a\/index.php?rest_route=%2Fwp%2Fv2%2Fcomments&post=1399"}],"version-history":[{"count":1,"href":"https:\/\/www.maranovalgatarasanrocco.it\/a\/index.php?rest_route=\/wp\/v2\/pages\/1399\/revisions"}],"predecessor-version":[{"id":1400,"href":"https:\/\/www.maranovalgatarasanrocco.it\/a\/index.php?rest_route=\/wp\/v2\/pages\/1399\/revisions\/1400"}],"up":[{"embeddable":true,"href":"https:\/\/www.maranovalgatarasanrocco.it\/a\/index.php?rest_route=\/wp\/v2\/pages\/1379"}],"wp:attachment":[{"href":"https:\/\/www.maranovalgatarasanrocco.it\/a\/index.php?rest_route=%2Fwp%2Fv2%2Fmedia&parent=1399"}],"curies":[{"name":"wp","href":"https:\/\/api.w.org\/{rel}","templated":true}]}}