{"id":1407,"date":"2016-01-12T22:45:56","date_gmt":"2016-01-12T22:45:56","guid":{"rendered":"http:\/\/www.maranovalgatarasanrocco.it\/a\/?page_id=1407"},"modified":"2016-01-12T22:45:56","modified_gmt":"2016-01-12T22:45:56","slug":"gesu-mi-da-forza","status":"publish","type":"page","link":"https:\/\/www.maranovalgatarasanrocco.it\/a\/?page_id=1407","title":{"rendered":"Ges\u00f9 mi d\u00e0 forza"},"content":{"rendered":"<p>Teresa \u00e8 una donna forte. Ha sempre lottato nella vita e non ha mai perso la voglia di combattere. Carattere duro, a volte aspro, ma cuore davvero grande. E\u2019 una donna tuttofare, sempre attiva e immancabilmente attenta agli altri. E\u2019 mamma, nonna, zia, amica sempre gioviale e sorridente. Parla velocemente, ride e scherza volentieri: \u00e8 l\u2019immagine della donna felice e realizzata.<br \/>\nTra le mura di casa vive il suo dramma. Il marito \u00e8 infermo da anni. Un incidente lo ha ridotto in carrozzina, parzialmente paralizzato e limitato nei movimenti. I figli sono sposati: lei gestisce da sola, con pochi aiuti, la cura del marito. Tutto normale, fin qui. Lo straordinario \u00e8 il carattere dell\u2019uomo. Impossibile da sopportare, egoista della peggior specie, sempre pronto a lamentarsi di tutto. Mai un grazie, mai un sorriso. \u201cDevo tornare a casa. Il mio amore mi attende\u201d dice Teresa, quando si reca a fare una veloce spesa ed \u00e8 trattenuta da qualche amica.<br \/>\nI suoi giorni si susseguono regolari, mai qualcosa di nuovo: sempre il solito servizio, umile e nascosto. Ho assistito pi\u00f9 di qualche volta a scene umilianti. Il marito, Giuseppe, la aggredisce verbalmente, le rimprovera un servizio non compiuto alla perfezione, la redarguisce per il cibo non cucinato adeguatamente bene\u2026 Ho provato a parlare a lui: non sente ragioni. Ha sempre e solo ragione lui. \u201cGuarda come sono ridotto\u2026 mia moglie dovrebbe avere un po\u2019 pi\u00f9 di rispetto di me!\u201d<br \/>\nUn giorno mi trovo da solo con Teresa e la invito a raccontarmi un po\u2019 come sta vivendo la situazione. Come sempre cerca di sdrammatizzare, di giustificare il marito, di minimizzare il suo apporto. \u201cTeresa, spiegami come fai. Chiunque vede che sei stremata, rischi di esaurirti\u2026 Lui non fa che trattarti male!\u201d<br \/>\n\u201cNon ti preoccupare. Non mi do forza da sola. Io ogni mattina alle sette parto di casa. Partecipo alla messa, cercando di ascoltare la Parola di Dio. Poi mi nutro dell\u2019Eucaristia. Ges\u00f9 \u00e8 buono e misericordioso con me. Ogni mattina mi rinnova il dono del suo pane di vita, del suo amore. Ogni mattina mi accoglie e mi vuole bene. Io torno a casa ogni giorno, rinfrancata dal quell\u2019incontro. Se Ges\u00f9 \u00e8 cos\u00ec buono con me, se lui mi garantisce di darmi la forza, perch\u00e9 dovrei dubitare? Non sono mai sola. Lui mi sostiene!\u201d<\/p>\n","protected":false},"excerpt":{"rendered":"<p>Teresa \u00e8 una donna forte. Ha sempre lottato nella vita e non ha mai perso la voglia di combattere. Carattere duro, a volte aspro, ma cuore davvero grande. E\u2019 una donna tuttofare, sempre attiva e immancabilmente attenta agli altri. E\u2019 mamma, nonna, zia, amica sempre gioviale e sorridente. Parla velocemente, ride e scherza volentieri: \u00e8 &hellip; <\/p>\n<p><a class=\"more-link btn\" href=\"https:\/\/www.maranovalgatarasanrocco.it\/a\/?page_id=1407\">Continua a leggere<\/a><\/p>\n","protected":false},"author":1,"featured_media":0,"parent":1379,"menu_order":9,"comment_status":"closed","ping_status":"closed","template":"","meta":{"footnotes":""},"class_list":["post-1407","page","type-page","status-publish","hentry","nodate","item-wrap"],"_links":{"self":[{"href":"https:\/\/www.maranovalgatarasanrocco.it\/a\/index.php?rest_route=\/wp\/v2\/pages\/1407","targetHints":{"allow":["GET"]}}],"collection":[{"href":"https:\/\/www.maranovalgatarasanrocco.it\/a\/index.php?rest_route=\/wp\/v2\/pages"}],"about":[{"href":"https:\/\/www.maranovalgatarasanrocco.it\/a\/index.php?rest_route=\/wp\/v2\/types\/page"}],"author":[{"embeddable":true,"href":"https:\/\/www.maranovalgatarasanrocco.it\/a\/index.php?rest_route=\/wp\/v2\/users\/1"}],"replies":[{"embeddable":true,"href":"https:\/\/www.maranovalgatarasanrocco.it\/a\/index.php?rest_route=%2Fwp%2Fv2%2Fcomments&post=1407"}],"version-history":[{"count":1,"href":"https:\/\/www.maranovalgatarasanrocco.it\/a\/index.php?rest_route=\/wp\/v2\/pages\/1407\/revisions"}],"predecessor-version":[{"id":1408,"href":"https:\/\/www.maranovalgatarasanrocco.it\/a\/index.php?rest_route=\/wp\/v2\/pages\/1407\/revisions\/1408"}],"up":[{"embeddable":true,"href":"https:\/\/www.maranovalgatarasanrocco.it\/a\/index.php?rest_route=\/wp\/v2\/pages\/1379"}],"wp:attachment":[{"href":"https:\/\/www.maranovalgatarasanrocco.it\/a\/index.php?rest_route=%2Fwp%2Fv2%2Fmedia&parent=1407"}],"curies":[{"name":"wp","href":"https:\/\/api.w.org\/{rel}","templated":true}]}}