{"id":1886,"date":"2017-03-12T20:50:03","date_gmt":"2017-03-12T20:50:03","guid":{"rendered":"http:\/\/www.maranovalgatarasanrocco.it\/a\/?page_id=1886"},"modified":"2018-06-08T11:05:38","modified_gmt":"2018-06-08T11:05:38","slug":"teatro-di-valgatara","status":"publish","type":"page","link":"https:\/\/www.maranovalgatarasanrocco.it\/a\/?page_id=1886","title":{"rendered":"Teatro di Valgatara"},"content":{"rendered":"<p>In queste settimane \u00e8 nato il Comitato del Teatro di Valgatara, che si occuper\u00e0 di gestire e programmare le attivit\u00e0 all&#8217;interno del teatro (e sala riunioni).<\/p>\n<p>I membri del gruppo sono:<\/p>\n<p>Corrado Ugolini, referente, Andrea Campagnola, Clemente Ballarini,<\/p>\n<p>Egle Fasani, segretaria, Donatella Tezza, Anna Brunelli, Giovanna Massella.<\/p>\n<p>Per qualsiasi richiesta di utilizzo dei locali o proposta di collaborazione contattateci via mail al seguente indirizzo:\u00a0<a href=\"mailto:teatrovalgatara@gmail.com\">teatrovalgatara@gmail.com<\/a><\/p>\n","protected":false},"excerpt":{"rendered":"<p>In queste settimane \u00e8 nato il Comitato del Teatro di Valgatara, che si occuper\u00e0 di gestire e programmare le attivit\u00e0 all&#8217;interno del teatro (e sala riunioni). I membri del gruppo sono: Corrado Ugolini, referente, Andrea Campagnola, Clemente Ballarini, Egle Fasani, segretaria, Donatella Tezza, Anna Brunelli, Giovanna Massella. Per qualsiasi richiesta di utilizzo dei locali o &hellip; <\/p>\n<p><a class=\"more-link btn\" href=\"https:\/\/www.maranovalgatarasanrocco.it\/a\/?page_id=1886\">Continua a leggere<\/a><\/p>\n","protected":false},"author":1,"featured_media":0,"parent":211,"menu_order":50,"comment_status":"closed","ping_status":"closed","template":"","meta":{"footnotes":""},"class_list":["post-1886","page","type-page","status-publish","hentry","nodate","item-wrap"],"_links":{"self":[{"href":"https:\/\/www.maranovalgatarasanrocco.it\/a\/index.php?rest_route=\/wp\/v2\/pages\/1886","targetHints":{"allow":["GET"]}}],"collection":[{"href":"https:\/\/www.maranovalgatarasanrocco.it\/a\/index.php?rest_route=\/wp\/v2\/pages"}],"about":[{"href":"https:\/\/www.maranovalgatarasanrocco.it\/a\/index.php?rest_route=\/wp\/v2\/types\/page"}],"author":[{"embeddable":true,"href":"https:\/\/www.maranovalgatarasanrocco.it\/a\/index.php?rest_route=\/wp\/v2\/users\/1"}],"replies":[{"embeddable":true,"href":"https:\/\/www.maranovalgatarasanrocco.it\/a\/index.php?rest_route=%2Fwp%2Fv2%2Fcomments&post=1886"}],"version-history":[{"count":2,"href":"https:\/\/www.maranovalgatarasanrocco.it\/a\/index.php?rest_route=\/wp\/v2\/pages\/1886\/revisions"}],"predecessor-version":[{"id":1888,"href":"https:\/\/www.maranovalgatarasanrocco.it\/a\/index.php?rest_route=\/wp\/v2\/pages\/1886\/revisions\/1888"}],"up":[{"embeddable":true,"href":"https:\/\/www.maranovalgatarasanrocco.it\/a\/index.php?rest_route=\/wp\/v2\/pages\/211"}],"wp:attachment":[{"href":"https:\/\/www.maranovalgatarasanrocco.it\/a\/index.php?rest_route=%2Fwp%2Fv2%2Fmedia&parent=1886"}],"curies":[{"name":"wp","href":"https:\/\/api.w.org\/{rel}","templated":true}]}}