{"id":2254,"date":"2018-06-08T11:04:17","date_gmt":"2018-06-08T11:04:17","guid":{"rendered":"http:\/\/www.maranovalgatarasanrocco.it\/a\/?page_id=2254"},"modified":"2024-06-26T09:59:23","modified_gmt":"2024-06-26T09:59:23","slug":"privacy-policy","status":"publish","type":"page","link":"https:\/\/www.maranovalgatarasanrocco.it\/a\/?page_id=2254","title":{"rendered":"Privacy Policy"},"content":{"rendered":"<h2>Chi siamo<\/h2>\n<p>L&#8217;indirizzo del nostro sito web \u00e8: http:\/\/www.maranovalgatarasanrocco.it\/a.<\/p>\n<h2>Quali dati personali raccogliamo e perch\u00e9 li raccogliamo<\/h2>\n<h3>Commenti<\/h3>\n<p>Quando i visitatori lasciano commenti sul sito, raccogliamo i dati mostrati nel modulo dei commenti oltre all&#8217;indirizzo IP del visitatore e la stringa dello user agent del browser per facilitare il rilevamento dello spam.<\/p>\n<p>Una stringa anonimizzata creata a partire dal tuo indirizzo email (altrimenti detta hash) pu\u00f2 essere fornita al servizio Gravatar per vedere se lo stai usando. La privacy policy del servizio Gravatar \u00e8 disponibile qui: https:\/\/automattic.com\/privacy\/. Dopo l&#8217;approvazione del tuo commento, la tua immagine del profilo \u00e8 visibile al pubblico nel contesto del tuo commento.<\/p>\n<h3>Media<\/h3>\n<p>Se carichi immagini sul sito web, dovresti evitare di caricare immagini che includono i dati di posizione incorporati (EXIF GPS). I visitatori del sito web possono scaricare ed estrarre qualsiasi dato sulla posizione dalle immagini sul sito web.<\/p>\n<h3>Modulo di contatto<\/h3>\n<h3>Cookie<\/h3>\n<p>Se lasci un commento sul nostro sito, puoi scegliere di salvare il tuo nome, indirizzo email e sito web nei cookie. Sono usati per la tua comodit\u00e0 in modo che tu non debba inserire nuovamente i tuoi dati quando lasci un altro commento. Questi cookie dureranno per un anno.<\/p>\n<p>Se hai un account e accedi a questo sito, verr\u00e0 impostato un cookie temporaneo per determinare se il tuo browser accetta i cookie. Questo cookie non contiene dati personali e viene eliminato quando chiudi il browser.<\/p>\n<p>Quando effettui l&#8217;accesso, verranno impostati diversi cookie per salvare le tue informazioni di accesso e le tue opzioni di visualizzazione dello schermo. I cookie di accesso durano due giorni mentre i cookie per le opzioni dello schermo durano un anno. Se selezioni &#8220;Ricordami&#8221;, il tuo accesso persister\u00e0 per due settimane. Se esci dal tuo account, i cookie di accesso verranno rimossi.<\/p>\n<p>Se modifichi o pubblichi un articolo, un cookie aggiuntivo verr\u00e0 salvato nel tuo browser. Questo cookie non include dati personali, ma indica semplicemente l&#8217;ID dell&#8217;articolo appena modificato. Scade dopo 1 giorno.<\/p>\n<h3>Contenuto incorporato da altri siti web<\/h3>\n<p>Gli articoli su questo sito possono includere contenuti incorporati (ad esempio video, immagini, articoli, ecc.). I contenuti incorporati da altri siti web si comportano esattamente allo stesso modo come se il visitatore avesse visitato l&#8217;altro sito web.<\/p>\n<p>Questi siti web possono raccogliere dati su di te, usare cookie, integrare ulteriori tracciamenti di terze parti e monitorare l&#8217;interazione con quel contenuto incorporato, incluso il tracciamento della tua interazione con il contenuto incorporato se hai un account e hai effettuato l&#8217;accesso a quel sito web.<\/p>\n<h3>Analytics<\/h3>\n<h2>Per quanto tempo conserviamo i tuoi dati<\/h2>\n<p>Se lasci un commento, il commento e i relativi metadati vengono conservati a tempo indeterminato. \u00c8 cos\u00ec che possiamo riconoscere e approvare automaticamente eventuali commenti successivi invece di tenerli in una coda di moderazione.<\/p>\n<p>Per gli utenti che si registrano sul nostro sito web (se presenti), memorizziamo anche le informazioni personali che forniscono nel loro profilo utente. Tutti gli utenti possono vedere, modificare o cancellare le loro informazioni personali in qualsiasi momento (eccetto il loro nome utente che non possono cambiare). Gli amministratori del sito web possono anche vedere e modificare queste informazioni.<\/p>\n<h2>Quali diritti hai sui tuoi dati<\/h2>\n<p>Se hai un account su questo sito, o hai lasciato commenti, puoi richiedere di ricevere un file esportato dal sito con i dati personali che abbiamo su di te, compresi i dati che ci hai fornito. Puoi anche richiedere che cancelliamo tutti i dati personali che ti riguardano. Questo non include i dati che siamo obbligati a conservare per scopi amministrativi, legali o di sicurezza.<\/p>\n<h2>Dove spediamo i tuoi dati<\/h2>\n<p>I commenti dei visitatori possono essere controllati attraverso un servizio di rilevamento automatico dello spam.<\/p>\n<h1 class=\"main_title\">Informativa Cookie e consenso al trattamento dei dati personali (Dlgs. 196\/2003)<\/h1>\n<div class=\"entry-content\">\n<p>L\u2019interessato, letta l\u2019informativa sotto riportata,<strong>\u00a0accetta espressamente<\/strong>\u00a0la registrazione ed il trattamento dei propri dati, nelle modalit\u00e0 sotto indicate.<\/p>\n<p>Questo sito\u00a0utilizza Google Analytics, un servizio di analisi web fornito da Google, Inc. (\u201cGoogle\u201d). Google Analytics utilizza dei \u201ccookies\u201d, che sono file di testo che vengono depositati sul tuo computer per consentire al sito web di analizzare come gli utenti utilizzano il sito. Usiamo\u00a0Analytics in forma anonimizzata (rimozione dell\u2019ultimo blocco dell\u2019indirizzo IP).<br \/>\nLe informazioni generate dal cookie sull\u2019utilizzo del sito web da parte tua (compreso il tuo indirizzo IP) verranno trasmesse a, e depositate presso i server di Google negli Stati Uniti. Google utilizzer\u00e0 queste informazioni allo scopo di tracciare e esaminare il Vostro utilizzo del sito web, compilare report sulle attivit\u00e0 del sito web per gli operatori del sito web e fornire altri servizi relativi alle attivit\u00e0 del sito web e all\u2019utilizzo di Internet. Google pu\u00f2 anche trasferire queste informazioni a terzi ove ci\u00f2 sia imposto dalla legge o laddove tali terzi trattino le suddette informazioni per conto di Google. Google non assocer\u00e0 il vostro indirizzo IP a nessun altro dato posseduto da Google. Puoi rifiutarti di usare i cookie selezionando l\u2019impostazione appropriata sul tuo browser, ma ci\u00f2 potrebbe impedirti di utilizzare tutte le funzionalit\u00e0 di questo sito web. Utilizzando il presente sito web, acconsenti al trattamento dei tuoi dati da parte di Google per le modalit\u00e0 e i fini sopraindicati.<\/p>\n<h1>Informativa ai sensi dell\u2019art. 13 del Dlgs. 196\/2003<\/h1>\n<h2>Finalit\u00e0 e modalit\u00e0 del trattamento<\/h2>\n<p><strong>Finalit\u00e0 del trattamento:<\/strong>\u00a0il trattamento dei dati verr\u00e0 effettuato per permettere la fornitura dei servizi richiesti (contatto via e-mail, informazioni generali, ecc.). Tra le finalit\u00e0 rientrano, a titolo di esempio, la raccolta dei tuoi commenti e la risposta ad essi. I dati registrati potranno anche essere utilizzati per rapporti statistici sull\u2019attivit\u00e0 del sito, nonch\u00e9 per l\u2019invio all\u2019interessato di informazioni relative alla stessa. Ove necessario per i predetti motivi i dati potranno essere comunicati anche a terzi.I dati ottenuti tramite autenticazione con sistemi di terzi si intendono conferiti a questo sito tramite l\u2019esplicita accettazione del servizio di autenticazione (o-auth) e saranno trattati come i dati sopra indicati.<\/p>\n<p><strong>Modalit\u00e0 del trattamento:<\/strong>\u00a0i dati verranno trattati principalmente con strumenti elettronici e informatici e memorizzati sia su supporti informatici che su supporti cartacei che su ogni altro tipo di supporto idoneo, nel rispetto delle misure minime di sicurezza.<\/p>\n<h2>Natura obbligatoria e conseguenze del rifiuto dei dati<\/h2>\n<p>Tutti i dati richiesti sono obbligatori, in caso di mancato inserimento di alcuno di essi l\u2019interessato non potr\u00e0 godere del servizio richiesto. Ai sensi dell\u2019art. 13 del Codice sulla Privacy, ti informiamo che il trattamento dei dati personali eventualmente forniti agli indirizzi di posta elettronica del dominio o direttamente tramite moduli di contatto all\u2019interno del sito Web \u00e8 finalizzato a soddisfare la richiesta che ci \u00e8 stata sottoposta.<\/p>\n<h2>Soggetti a cui dati potranno essere comunicati \u2013 ambito di diffusione<\/h2>\n<p>Ove necessario per le finalit\u00e0 del trattamento suelencate i dati potranno essere comunicati anche a terzi.<\/p>\n<h2>Diritti dell\u2019interessato<\/h2>\n<p>In relazione al presente trattamento di dati personali, ai sensi dell\u2019art. 7 Codice Privacy:<\/p>\n<ol>\n<li>L\u2019interessato ha diritto di ottenere la conferma dell\u2019esistenza o meno di dati personali che lo riguardano, anche se non ancora registrati, e la loro comunicazione in forma intelligibile.<\/li>\n<li>L\u2019interessato ha diritto di ottenere l\u2019indicazione:\n<ol>\n<li>dell\u2019origine dei dati personali;<\/li>\n<li>delle finalit\u00e0 e modalit\u00e0 del trattamento;<\/li>\n<li>della logica applicata in caso di trattamento effettuato con l\u2019ausilio di strumenti elettronici;<\/li>\n<li>degli estremi identificativi del titolare, dei responsabili e del rappresentante designato ai sensi dell\u2019articolo 5, comma 2;<\/li>\n<li>dei soggetti o delle categorie di soggetti ai quali i dati personali possono essere comunicati o che possono venirne a conoscenza in qualit\u00e0 di rappresentante designato nel territorio dello Stato, di responsabili o incaricati.<\/li>\n<\/ol>\n<\/li>\n<li>L\u2019interessato ha diritto di ottenere:\n<ol>\n<li>l\u2019aggiornamento, la rettificazione ovvero, quando vi ha interesse, l\u2019integrazione dei dati;<\/li>\n<li>la cancellazione, la trasformazione in forma anonima o il blocco dei dati trattati in violazione di legge, compresi quelli di cui non \u00e8 necessaria la conservazione in relazione agli scopi per i quali i dati sono stati raccolti o successivamente trattati;<\/li>\n<li>l\u2019attestazione che le operazioni di cui ai precedenti punti 1 e 2 sono state portate a conoscenza, anche per quanto riguarda il loro contenuto, di coloro ai quali i dati sono stati comunicati o diffusi, eccettuato il caso in cui tale adempimento si rivela impossibile o comporta un impiego di mezzi manifestamente sproporzionato rispetto al diritto tutelato.<\/li>\n<\/ol>\n<\/li>\n<li>L\u2019interessato ha diritto di opporsi, in tutto o in parte:\n<ol>\n<li>per motivi legittimi al trattamento dei dati personali che lo riguardano, ancorch\u00e9 pertinenti allo scopo della raccolta;<\/li>\n<li>al trattamento di dati personali che lo riguardano a fini di invio di materiale pubblicitario o di vendita diretta o per il compimento di ricerche di mercato o di comunicazione commerciale.<\/li>\n<\/ol>\n<\/li>\n<\/ol>\n<h2>Titolare del trattamento<\/h2>\n<p>Titolare del trattamento per i dati forniti \u00e8 il proprietario\u00a0dominio stesso.<\/p>\n<h1>Uso dei cookie<\/h1>\n<p>Il \u201c<strong>Sito<\/strong>\u201d utilizza i\u00a0<a href=\"http:\/\/it.wikipedia.org\/wiki\/Cookie\" target=\"_blank\" rel=\"noopener\">Cookie<\/a>\u00a0per rendere i propri servizi semplici e efficienti per chi visita le pagine.<\/p>\n<p>Vi sono vari tipi di cookie, alcuni per rendere pi\u00f9 efficace l\u2019uso del Sito, altri per abilitare determinate funzionalit\u00e0.<\/p>\n<p>Analizzandoli in maniera particolareggiata i miei cookie permettono di:<\/p>\n<ul>\n<li>memorizzare le preferenze inserite<\/li>\n<li>evitare di reinserire le stesse informazioni pi\u00f9 volte durante la visita quali ad esempio nome utente e password<\/li>\n<li>analizzare l\u2019utilizzo dei servizi e dei contenuti forniti per ottimizzarne l\u2019esperienza di navigazione e i servizi offerti<\/li>\n<\/ul>\n<h2>Tipologie di Cookie utilizzati<\/h2>\n<h3>Cookie Tecnici<\/h3>\n<p>Permettono il\u00a0<strong>corretto funzionamento di alcune sezioni del Sito<\/strong>. Sono di due categorie: persistenti e di sessione:<\/p>\n<ul>\n<li><strong>persistenti<\/strong>: rimangono anche una volta chiuso il browser fino alla loro data di scadenza preimpostata<\/li>\n<li><strong>di sessione<\/strong>: vengono cancellati ogni volta che il browser viene chiuso<\/li>\n<\/ul>\n<p>Questi cookie, inviati sempre da questo dominio,\u00a0<strong>sono necessari a visualizzare correttamente il sito<\/strong>\u00a0e in relazione ai servizi tecnici offerti, verranno quindi\u00a0<strong>sempre utilizzati e inviati<\/strong>, a meno che l\u2019utenza non modifichi le impostazioni nel proprio browser (cos\u00ec potenzialmente inficiando la visualizzazione delle pagine del sito).<\/p>\n<h3>Cookie analitici<\/h3>\n<p>I cookie in questa categoria vengono utilizzati per\u00a0<strong>collezionare informazioni sull\u2019uso del sito\u00a0<\/strong>che user\u00e0 queste informazioni in merito ad\u00a0<strong>analisi statistiche anonime<\/strong>\u00a0al fine di migliorare l\u2019utilizzo del Sito e per rendere i contenuti pi\u00f9 interessanti e attinenti ai desideri dell\u2019utenza. Questa tipologia di cookie raccoglie dati in\u00a0<strong>forma anonima<\/strong>sull\u2019attivit\u00e0 dell\u2019utenza e su come \u00e8 arrivata sul Sito. I cookie analitici sono inviati dal sito stesso o da domini di terze parti.<\/p>\n<h3>Cookie di analisi di servizi di terze parti<\/h3>\n<p>Questi cookie sono utilizzati al fine di raccogliere informazioni sull\u2019<strong>uso del sito<\/strong>\u00a0da parte degli utenti in\u00a0<strong>forma anonima,\u00a0<\/strong>quali: pagine visitate, tempo di permanenza, origini del traffico di provenienza, provenienza geografica, et\u00e0, genere e interessi ai fini di campagne di marketing. Questi cookie sono inviati da domini di terze parti esterni al Sito.<\/p>\n<h3>Cookie per integrare prodotti e funzioni di software di terze parti<\/h3>\n<p>Questa tipologia di cookie\u00a0<strong>integra funzionalit\u00e0 sviluppate da terzi<\/strong>\u00a0all\u2019interno delle pagine del Sito come le icone e le preferenze espresse nei social network al fine di condivisione dei contenuti del sito o per l\u2019uso di servizi software di terze parti (come i software per generare le mappe e ulteriori software che offrono servizi aggiuntivi). Questi cookie sono inviati da\u00a0<strong>domini di terze parti<\/strong>\u00a0che offrono le loro funzionalit\u00e0 tra le pagine del Sito.<\/p>\n<p>Il titolare del dominio,\u00a0secondo la normativa vigente, non \u00e8 tenuto a chiedere consenso per i\u00a0<strong>cookie tecnici<\/strong>\u00a0e di\u00a0<strong>analytics<\/strong>, in quanto necessari a fornire i servizi richiesti.<\/p>\n<p>Per tutte le altre tipologie di cookie il consenso pu\u00f2 essere espresso dall\u2019Utente con una o pi\u00f9 di una delle seguenti modalit\u00e0:<\/p>\n<ul>\n<li><strong>Mediante specifiche configurazioni del browser<\/strong>\u00a0utilizzato o dei relativi programmi informatici utilizzati per navigare le pagine che compongono il Sito.<\/li>\n<li><strong>Mediante modifica delle impostazioni<\/strong>\u00a0nell\u2019uso dei servizi di terze parti<\/li>\n<\/ul>\n<p>Entrambe queste soluzioni potrebbero impedire all\u2019utente di utilizzare o visualizzare parti del Sito.<\/p>\n<h2><strong>Siti Web e servizi di terze parti<\/strong><\/h2>\n<p>Il sito potrebbe contenere collegamenti ad altri siti Web che dispongono di una propria informativa sulla privacy che pu\u00f2 essere diverse da quella adottata e che quindi\u00a0<strong>non risponde<\/strong>\u00a0di questi siti.<\/p>\n<h2>Come disabilitare i cookie mediante configurazione del browser<\/h2>\n<p><strong>Chrome<\/strong><\/p>\n<ol>\n<li>Eseguire il Browser Chrome<\/li>\n<li>Fare click sul men\u00f9\u00a0<a class=\"cboxElement\" title=\"informativa\" href=\"http:\/\/i2.wp.com\/www.posizionamento-seo.com\/wp-content\/uploads\/2014\/06\/chrome-impostazioni.png\" rel=\"lightbox[1212]\" data-lbwps-width=\"179\" data-lbwps-height=\"202\" data-lbwps-srcsmall=\"http:\/\/www.posizionamento-seo.com\/wp-content\/uploads\/2014\/06\/chrome-impostazioni.png\"><img loading=\"lazy\" decoding=\"async\" class=\"size-full wp-image-1005\" src=\"http:\/\/i2.wp.com\/www.posizionamento-seo.com\/wp-content\/uploads\/2014\/06\/chrome-impostazioni.png?zoom=1.5&amp;resize=29%2C29\" alt=\"chrome impostazioni\" width=\"29\" height=\"29\" \/><\/a>\u00a0presente nella barra degli strumenti del browser a fianco della finestra di inserimento url per la navigazione<\/li>\n<li>Selezionare\u00a0<strong>Impostazioni<\/strong><\/li>\n<li>Fare clic su\u00a0<strong>Mostra Impostazioni Avanzate<\/strong><\/li>\n<li>Nella sezione \u201cPrivacy\u201d fare clic su bottone \u201c<strong>Impostazioni contenuti<\/strong>\u201c<\/li>\n<li>Nella sezione \u201cCookie\u201d \u00e8 possibile modificare le seguenti impostazioni relative ai cookie:\n<ul>\n<li>Consentire il salvataggio dei dati in locale<\/li>\n<li>Modificare i dati locali solo fino alla chiusura del browser<\/li>\n<li>Impedire ai siti di impostare i cookie<\/li>\n<li>Bloccare i cookie di terze parti e i dati dei siti<\/li>\n<li>Gestire le eccezioni per alcuni siti internet<\/li>\n<li>Eliminazione di uno o tutti i cookie<\/li>\n<\/ul>\n<\/li>\n<\/ol>\n<p>Per maggiori informazioni visita la\u00a0<a href=\"https:\/\/support.google.com\/accounts\/answer\/61416?hl=it\" target=\"_blank\" rel=\"nofollow noopener\">pagina dedicata<\/a>.<\/p>\n<h3><strong>Mozilla Firefox<\/strong><\/h3>\n<ol>\n<li>Eseguire il Browser Mozilla Firefox<\/li>\n<li>Fare click sul men\u00f9\u00a0<a class=\"cboxElement\" title=\"informativa\" href=\"http:\/\/i0.wp.com\/www.posizionamento-seo.com\/wp-content\/uploads\/2014\/06\/firefox-impostazioni.png\" rel=\"lightbox[1212]\" data-lbwps-width=\"179\" data-lbwps-height=\"202\" data-lbwps-srcsmall=\"http:\/\/www.posizionamento-seo.com\/wp-content\/uploads\/2014\/06\/firefox-impostazioni.png\"><img loading=\"lazy\" decoding=\"async\" class=\"alignnone size-full wp-image-1009\" src=\"http:\/\/i0.wp.com\/www.posizionamento-seo.com\/wp-content\/uploads\/2014\/06\/firefox-impostazioni.png?zoom=1.5&amp;resize=16%2C16\" alt=\"firefox impostazioni\" width=\"16\" height=\"16\" \/><\/a>\u00a0presente nella barra degli strumenti del browser a fianco della finestra di inserimento url per la navigazione<\/li>\n<li>Selezionare\u00a0<strong>Opzioni<\/strong><\/li>\n<li>Seleziona il pannello\u00a0<strong>Privacy<\/strong><\/li>\n<li>Fare clic su\u00a0<strong>Mostra Impostazioni Avanzate<\/strong><\/li>\n<li>Nella sezione \u201cPrivacy\u201d fare clic su bottone \u201c<strong>Impostazioni contenuti<\/strong>\u201c<\/li>\n<li>Nella sezione \u201c<strong>Tracciamento<\/strong>\u201d \u00e8 possibile modificare le seguenti impostazioni relative ai cookie:\n<ul>\n<li>Richiedi ai siti di non effettuare alcun tracciamento<\/li>\n<li>Comunica ai siti la disponibilit\u00e0 ad essere tracciato<\/li>\n<li>Non comunicare alcuna preferenza relativa al tracciamento dei dati personali<\/li>\n<\/ul>\n<\/li>\n<li>Dalla sezione \u201c<strong>Cronologia<\/strong>\u201d \u00e8 possibile:\n<ul>\n<li>Abilitando \u201cUtilizza impostazioni personalizzate\u201d selezionare di accettare i cookie di terze parti (sempre, dai siti pi\u00f9 visitato o mai) e di conservarli per un periodo determinato (fino alla loro scadenza, alla chiusura di Firefox o di chiedere ogni volta)<\/li>\n<li>Rimuovere i singoli cookie immagazzinati<\/li>\n<\/ul>\n<\/li>\n<\/ol>\n<p>Per maggiori informazioni visita la\u00a0<a href=\"https:\/\/support.mozilla.org\/en-US\/kb\/enable-and-disable-cookies-website-preferences\" target=\"_blank\" rel=\"nofollow noopener\">pagina dedicata<\/a>.<\/p>\n<h3><strong>Internet Explorer<\/strong><\/h3>\n<ol>\n<li>Eseguire il Browser Internet Explorer<\/li>\n<li>Fare click sul pulsante\u00a0<strong>Strumenti<\/strong>\u00a0e scegliere\u00a0<strong>Opzioni Internet<\/strong><\/li>\n<li>Fare click sulla scheda\u00a0<strong>Privacy<\/strong>\u00a0e nella sezione Impostazioni modificare il dispositivo di scorrimento in funzione dell\u2019azione desiderata per i cookie:\n<ul>\n<li>Bloccare tutti i cookie<\/li>\n<li>Consentire tutti i cookie<\/li>\n<li>Selezione dei siti da cui ottenere cookie: spostare il cursore in una posizione intermedia in modo da non bloccare o consentire tutti i cookie, premere quindi su Siti, nella casella Indirizzo Sito Web inserire un sito internet e quindi premere su Blocca o Consenti<\/li>\n<\/ul>\n<\/li>\n<\/ol>\n<p>Per maggiori informazioni visita la\u00a0<a href=\"http:\/\/windows.microsoft.com\/it-it\/windows-vista\/block-or-allow-cookies\" target=\"_blank\" rel=\"nofollow noopener\">pagina dedicata<\/a>.<\/p>\n<h3><strong>Safari<br \/>\n<\/strong><\/h3>\n<ol>\n<li>Eseguire il Browser Safari<\/li>\n<li>Fare click su\u00a0<strong>Safari<\/strong>, selezionare\u00a0<strong>Preferenze<\/strong>\u00a0e premere su\u00a0<strong>Privacy<\/strong><\/li>\n<li>Nella sezione\u00a0<em>Blocca Cookie<\/em>\u00a0specificare come Safari deve accettare i cookie dai siti internet.<\/li>\n<li>Per visionare quali siti hanno immagazzinato i cookie cliccare su\u00a0<strong>Dettagli<\/strong><\/li>\n<\/ol>\n<p>Per maggiori informazioni visita la<a href=\"https:\/\/support.apple.com\/kb\/PH19214?viewlocale=it_IT&amp;locale=it_IT\" target=\"_blank\" rel=\"noopener\">\u00a0pagina dedicata<\/a>.<\/p>\n<h3><strong>Safari iOS (dispositivi mobile)<\/strong><\/h3>\n<ol>\n<li>Eseguire il Browser Safari iOS<\/li>\n<li>Tocca su\u00a0<strong>Impostazioni<\/strong>\u00a0e poi\u00a0<strong>Safari<\/strong><\/li>\n<li>Tocca su\u00a0<strong>Blocca Cookie<\/strong>\u00a0e scegli tra le varie opzioni: \u201cMai\u201d, \u201cDi terze parti e inserzionisti\u201d o \u201cSempre\u201d<\/li>\n<li>Per cancellare tutti i cookie immagazzinati da Safari, tocca su\u00a0<strong>Impostazioni<\/strong>, poi su<strong>Safari<\/strong>\u00a0e infine su\u00a0<strong>Cancella Cookie e dati<\/strong><\/li>\n<\/ol>\n<p>Per maggiori informazioni visita la\u00a0<a href=\"https:\/\/support.apple.com\/it-it\/HT201265\" target=\"_blank\" rel=\"nofollow noopener\">pagina dedicata<\/a>.<\/p>\n<h3><strong>Opera<\/strong><\/h3>\n<ol>\n<li>Eseguire il Browser Opera<\/li>\n<li>Fare click sul Preferenze poi su Avanzate e infine su Cookie<\/li>\n<li>Selezionare una delle seguenti opzioni:\n<ul>\n<li>Accetta tutti i cookie<\/li>\n<li>Accetta i cookie solo dal sito che si visita: i cookie di terze parti e che vengono inviati da un dominio diverso da quello che si sta visitando verranno rifiutati<\/li>\n<li>Non accettare mai i cookie: tutti i cookie non verranno mai salvati<\/li>\n<\/ul>\n<\/li>\n<\/ol>\n<p>Per maggiori informazioni visita la\u00a0<a href=\"http:\/\/www.opera.com\/help\/tutorials\/security\/privacy\/\" target=\"_blank\" rel=\"nofollow noopener\">pagina dedicata (in Inglese)<\/a>.<\/p>\n<h2>Come puoi disabilitare i cookie di servizi di terzi<\/h2>\n<ul>\n<li><a href=\"http:\/\/www.google.com\/ads\/preferences\/?hl=it\" rel=\"nofollow\">Servizi di Google<\/a><\/li>\n<li><a href=\"https:\/\/www.facebook.com\/help\/cookies?ref_type=sitefooter\" rel=\"nofollow\">Facebook<\/a><\/li>\n<li><a href=\"https:\/\/support.twitter.com\/articles\/20170519-uso-dei-cookie-e-di-altre-tecnologie-simili-da-parte-di-twitter#\" rel=\"nofollow\">Twitter<\/a><\/li>\n<\/ul>\n<p>Questa pagina \u00e8 visibile, mediante link in calce in tutte le pagine del Sito ai sensi dell\u2019art. 122 secondo comma del D.lgs. 196\/2003 e a seguito delle modalit\u00e0 semplificate per l\u2019informativa e l\u2019acquisizione del consenso per l\u2019uso dei cookie pubblicata sulla Gazzetta Ufficiale n.126 del 3 giugno 2014 e relativo registro dei provvedimenti n.229 dell\u20198 maggio 2014.<\/p>\n<\/div>\n","protected":false},"excerpt":{"rendered":"<p>Chi siamo L&#8217;indirizzo del nostro sito web \u00e8: http:\/\/www.maranovalgatarasanrocco.it\/a. Quali dati personali raccogliamo e perch\u00e9 li raccogliamo Commenti Quando i visitatori lasciano commenti sul sito, raccogliamo i dati mostrati nel modulo dei commenti oltre all&#8217;indirizzo IP del visitatore e la stringa dello user agent del browser per facilitare il rilevamento dello spam. Una stringa anonimizzata &hellip; <\/p>\n<p><a class=\"more-link btn\" href=\"https:\/\/www.maranovalgatarasanrocco.it\/a\/?page_id=2254\">Continua a leggere<\/a><\/p>\n","protected":false},"author":1,"featured_media":0,"parent":2971,"menu_order":100,"comment_status":"closed","ping_status":"closed","template":"","meta":{"footnotes":""},"class_list":["post-2254","page","type-page","status-publish","hentry","nodate","item-wrap"],"_links":{"self":[{"href":"https:\/\/www.maranovalgatarasanrocco.it\/a\/index.php?rest_route=\/wp\/v2\/pages\/2254","targetHints":{"allow":["GET"]}}],"collection":[{"href":"https:\/\/www.maranovalgatarasanrocco.it\/a\/index.php?rest_route=\/wp\/v2\/pages"}],"about":[{"href":"https:\/\/www.maranovalgatarasanrocco.it\/a\/index.php?rest_route=\/wp\/v2\/types\/page"}],"author":[{"embeddable":true,"href":"https:\/\/www.maranovalgatarasanrocco.it\/a\/index.php?rest_route=\/wp\/v2\/users\/1"}],"replies":[{"embeddable":true,"href":"https:\/\/www.maranovalgatarasanrocco.it\/a\/index.php?rest_route=%2Fwp%2Fv2%2Fcomments&post=2254"}],"version-history":[{"count":1,"href":"https:\/\/www.maranovalgatarasanrocco.it\/a\/index.php?rest_route=\/wp\/v2\/pages\/2254\/revisions"}],"predecessor-version":[{"id":2255,"href":"https:\/\/www.maranovalgatarasanrocco.it\/a\/index.php?rest_route=\/wp\/v2\/pages\/2254\/revisions\/2255"}],"up":[{"embeddable":true,"href":"https:\/\/www.maranovalgatarasanrocco.it\/a\/index.php?rest_route=\/wp\/v2\/pages\/2971"}],"wp:attachment":[{"href":"https:\/\/www.maranovalgatarasanrocco.it\/a\/index.php?rest_route=%2Fwp%2Fv2%2Fmedia&parent=2254"}],"curies":[{"name":"wp","href":"https:\/\/api.w.org\/{rel}","templated":true}]}}