{"id":3784,"date":"2024-12-17T14:18:19","date_gmt":"2024-12-17T14:18:19","guid":{"rendered":"https:\/\/www.maranovalgatarasanrocco.it\/a\/?page_id=3784"},"modified":"2024-12-17T14:44:10","modified_gmt":"2024-12-17T14:44:10","slug":"la-costruzione-della-chiesa-nuova","status":"publish","type":"page","link":"https:\/\/www.maranovalgatarasanrocco.it\/a\/?page_id=3784","title":{"rendered":"La costruzione della chiesa nuova"},"content":{"rendered":"\n<p><strong>2.1 Ristrutturazione, ampliamento o una chiesa nuova?<\/strong><br \/>I fatti che riguardano la costruzione della chiesa parrocchiale di Marano di Valpolicella sono ormai nella memoria di pochi, anche se la tradizione orale ha mantenuto vivi nella memoria collettiva dei parrocchiani sia i dubbi che hanno preceduto la sua costruzione, sia le molte vicende legate ai lavori stessi. Attraverso la ricerca d\u2019archivio e la pubblicazione di documenti di 100 anni fa si vuole contribuire a fare luce su quello che i racconti non hanno conservato, ma anche a trasmettere una ricostruzione fedele della storia.<br \/>Come detto in precedenza, nei primi anni del\u2018900, ossia a poco pi\u00f9 di un secolo dalla sua costruzione, la chiesa settecentesca dava segni di preoccupante instabilit\u00e0, per cui il parroco don Giuseppe Galvani cominci\u00f2 a pensare a un restauro con ampliamento dell\u2019edificio. Ed \u00e8 proprio una relazione del parroco, conservata nell\u2019archivio parrocchiale, <br \/>a fare luce su quanto avvenne.<br \/><a href=\"https:\/\/www.maranovalgatarasanrocco.it\/a\/wp-content\/uploads\/2024\/12\/foto-storiche-marano-033.jpg\" data-lbwps-width=\"1070\" data-lbwps-height=\"1600\" data-lbwps-srcsmall=\"https:\/\/www.maranovalgatarasanrocco.it\/a\/wp-content\/uploads\/2024\/12\/foto-storiche-marano-033.jpg\"><img loading=\"lazy\" decoding=\"async\" class=\"wp-image-3792 alignleft\" src=\"https:\/\/www.maranovalgatarasanrocco.it\/a\/wp-content\/uploads\/2024\/12\/foto-storiche-marano-033.jpg\" alt=\"\" width=\"383\" height=\"572\" srcset=\"https:\/\/www.maranovalgatarasanrocco.it\/a\/wp-content\/uploads\/2024\/12\/foto-storiche-marano-033.jpg 1070w, https:\/\/www.maranovalgatarasanrocco.it\/a\/wp-content\/uploads\/2024\/12\/foto-storiche-marano-033-201x300.jpg 201w, https:\/\/www.maranovalgatarasanrocco.it\/a\/wp-content\/uploads\/2024\/12\/foto-storiche-marano-033-685x1024.jpg 685w, https:\/\/www.maranovalgatarasanrocco.it\/a\/wp-content\/uploads\/2024\/12\/foto-storiche-marano-033-768x1148.jpg 768w, https:\/\/www.maranovalgatarasanrocco.it\/a\/wp-content\/uploads\/2024\/12\/foto-storiche-marano-033-1027x1536.jpg 1027w, https:\/\/www.maranovalgatarasanrocco.it\/a\/wp-content\/uploads\/2024\/12\/foto-storiche-marano-033-750x1121.jpg 750w\" sizes=\"auto, (max-width: 383px) 100vw, 383px\" \/><\/a>Don Galvani si reca in Curia preoccupato delle forti crepe esistenti in chiesa. La Curia suggerisce di chiamare un tecnico e la scelta cade sull\u2019ingegner Guido Bosinelli di San Pietro Incariano. <br \/>L\u2019ingegnere rimane molto perplesso e preoccupato e consiglia al parroco di invitare il Genio Civile, che manda un proprio ingegnere. Il 12 ottobre 1921 il Genio Civile ordina la chiusura della chiesa, la cui parte superiore \u00e8 rimasta tale e quale era il giorno della sua chiusura.<br \/>Il 23 ottobre il SS.mo Sacramento viene trasportato nel salone dell\u2019asilo e si comincia ad officiare in quel luogo e il 26 ottobre la chiesa settecentesca viene definitivamente chiusa.<br \/>Don Galvani lancia subito un\u2019idea: data la necessit\u00e0 di ingrandire la chiesa e non solo di consolidarla, egli propone di abbattere il presbiterio e il coro, trasformando in chiesa la cubatura di queste due aree, per costruire quindi un nuovo presbiterio e un nuovo coro, allungando l\u2019edificio in direzione del cimitero: questo intervento avrebbe dato la possibilit\u00e0 di costruire anche un nuovo oratorioe una nuova sacrestia.<br \/>Il parroco cerca anche di verificare la fattibilit\u00e0 finanziaria di tale opera e in pubblica assemblea, il 1\u00b0 novembre, vorrebbe convincere i suoi fedeli.<br \/>Egli riferisce che, contando su un prezzo agevolato delle ore di lavoro e su prestazioni gratuite dei parrocchiani, avendo a disposizione circa 27.000 lire, si sarebbe potuto affrontare il lavoro con tranquillit\u00e0. Nella prima adunanza i 22 capi famiglia presenti sembrano abbastanza concordi col parroco, c\u2019\u00e8 per\u00f2 una voce fuori coro: \u00e8 Luigi Campagnola, detto Biet\u00f2n, che suggerisce di fareun semplice restauro della chiesa senza ingrandirla.<br \/>Il parroco don Galvani tuttavia non molla e cerca di convincere la popolazione che la cosa migliore sarebbe ingrandire la chiesa. Dopo aver contattato alcuni muratori (Tomasi Giovanni, Marchesini Angelo e Degani Paolo), in una seconda assemblea il 6 novembre, egli presenta ai fedeli due preventivi: il primo di 75.865 lire per il restauro e l\u2019ampliamento, il secondo di 55.900 lire per il solo restauro, schierandosi apertamente per la prima soluzione vista l\u2019esigua differenza tra le due.<br \/>Nel suo discorso il parroco afferma che il preventivo tiene conto di giornate di lavoro gratuite e dell\u2019offerta del legname, di cui la parte alta della parrocchia era ricca. Inoltre preavvisa i fedeli che si sarebbe potuto fare un debito, invitandoli a non spaventarsi poich\u00e9 si sarebbe pagato in poco tempo. In questa occasione nessuno si oppone e l\u2019idea viene approvata a grandissima maggioranza. Don Galvani si d\u00e0 da fare e organizza delle riunioni in ogni contrada: vengono nominati dei rappresentanti, si comincia a preparare la cava per le pietre, si predispongono i materiali: la calce, il legno, la sabbia e tutto il resto.<br \/>L\u201911 novembre 1921 si riunisce la giunta esecutiva, che, oltre all\u2019approvvigionamento dei materiali, dovr\u00e0 pensare anche all\u2019organizzazione delle giornate di lavoro gratuite.<br \/>Si comincia la cava dei sassi, si affida un incarico ufficiale a don Giuseppe Trecca, il quale, insieme con l\u2019ingegner Bosinelli, predispone il progetto dell\u2019allungamento della chiesa settecentesca.<br \/>L\u2019idea trova subito forma e si deposita in Curia un primo progetto: la parte in bianco sarebbe stata la porzione di chiesa da non demolire, mentre laparte pi\u00f9 scura sarebbe dovuta essere il nuovo presbiterio con la nuova sacrestia e il nuovo oratorio.<br \/>Nei ricordi raccolti da Ettore Lonardi e da Pietro Zardini c\u2019era grande fermento in paese: si aprivano delle cave di sassi sotto il monte Castel\u00f2n nella localit\u00e0 Castein; si aprivano altre cave proprio sopra il monte Castel\u00f2n; si mandarono a prendere dei buoi dalla famiglia Zardini di Porta e altri buoie carri a Sant\u2019Ambrogio, dove erano abituati a spostare blocchi di marmo e pietra.<br \/>Si giunse cos\u00ec al febbraio 1922 quando emerse la prima difficolt\u00e0: le condizioni contrattuali proposte ai muratori per la demolizione dell\u2019abside della chiesa vecchia non erano soddisfacenti, per tanto si sospesero subito i lavori.<br \/>Tuttavia, in una sola settimana, con la tenace guida del parroco don Galvani, si pens\u00f2 ad una nuova soluzione: il 15 febbraio vennero fermati i lavori; il 17 venne convocata una assemblea con la commissione e i Fabbricieri, infine il 19 venne convocata una nuova assemblea dei capifamiglia.<br \/>Si fece strada l\u2019idea di costruire una chiesa completamente nuova; molti fedeli spingevano il parroco a realizzare una chiesa a tre navate, pi\u00f9 bassa della precedente, costruita su terreno solido e non <br \/>su terreno franoso come accaduto per la chiesa settecentesca.<br \/>Oggi, con le conoscenze geologiche che abbiamo e dopo l\u2019enorme intervento di salvataggio delle fondazioni portato a termine negli anni 2016-2017, di cui si dir\u00e0 in seguito, fa sorridere ci\u00f2 che don Galvani lasci\u00f2 scritto nella sua relazione a proposito dei tecnici che valutarono negativamente la scelta del restauro della chiesa settecentesca e spinsero per la costruzione di una chiesa nuova:<br \/>\u201c\u2026 Questa l\u2019opinione delle persone intelligenti, le quali perci\u00f2 suggeriscono di portarsi fuori dal terreno franoso e mettersi sul solido&#8230;\u201d<br \/>Il 19 febbraio 1922 don Galvani tiene un sermone, che \u00e8 parte della relazione in calce, con il quale riesce a convincere tutti che sar\u00e0 esigua la differenza di costi tra il fare una chiesa nuova e ampliare la vecchia e, con impeto accorato, muove i fedeli alla convinzione che una chiesa nuova sar\u00e0 sempre meglio di una vecchia e \u201crattoppata\u201d.<br \/>Si converte quindi la prima decisione e l\u2019assemblea parrocchiale delibera la costruzione di una chiesa nuova. <br \/>Il progetto viene affidato ancora una volta a don Giuseppe Trecca e la direzione dei lavori all\u2019ingegner Guido Bosinelli.<br \/><strong>2.2 L\u2019inizio dei lavori<\/strong><br \/>Il 27 aprile 1922 vennero fissate le linee genera li dello scavo e il 9 maggio si inizi\u00f2 l\u2019abbattimento delle piante del cos\u00ec detto brolo. Si concluse il contratto coi muratori e gi\u00e0 il 14 maggio si inizi\u00f2 l\u2019abbattimento del vecchio oratorio.<br \/>Pochi giorni dopo, il 23 maggio, l\u2019ingegner Bosinelli rinunci\u00f2 all\u2019incarico, forse spaventato dal progetto colossale ideato da don Trecca, il quale procur\u00f2 subito alla parrocchia un nuovo direttore dei lavori, l\u2019ingegner Luigi Marconi di Bussolengo.<br \/>Venne preparato un capitolato d\u2019asta per assegnare i lavori, ma alla prima asta solo due ditte parteciparono.<br \/>Se ne indisse quindi una seconda e dopo varie valutazioni fatte dal progettista don Trecca, dall\u2019ingegner Marconi e dalla Fabbriceria parrocchiale, il lavoro venne assegnato all\u2019impresa Astori e Cabrini di Verona. Nella foto il progetto originale di don Trecca, conservato nell\u2019archivio storicodiocesano e quello a colori conservato nell\u2019archivio parrocchiale.<br \/>Nel luglio 1922, nel lungo discorso alla popolazione, il parroco cerca di mettere a tacere le forti preoccupazioni presenti in paese sul costo di una costruzione cos\u00ec maestosa. Egli cerca di convincere tutti che don Trecca \u00e8 un professionista affermato e che il preventivo dell\u2019ingegner Marconi di 238.000 lire potrebbe sforare fino anche a 250 mila, ma non di pi\u00f9. Egli afferma di avere a disposizione circa 115 mila lire e in due anni conta di arrivare almeno a 200 mila, lasciando quindi uno scoperto di sole 38 mila lire.<br \/>Tuttavia egli sostiene che, se lo scoperto arrivasse anche a 50 mila lire, le buone stagioni di raccolta, le annate favorevoli, la generosit\u00e0 dei parrocchiani, concorreranno alla liquidazione del debito.<br \/>Infine egli presenta alla popolazione lo strumento del conto corrente con fido fino a 100 mila lire, con l\u2019intenzione di rivolgersi alla Banca Cattolica, illustrando ai presenti la possibilit\u00e0 di assolvere il debito in 5 o 10 anni. Con la sua dialettica don Galvani cerca di convincere tutti che la parrocchia con le varie raccolte annuali ce la far\u00e0. Per il prestito dalla Cassa Rurale o dalla Banca Cattolica, egli chiede gi\u00e0 la garanzia di tutti, affermando che, se tutti firmeranno, la copertura che ogni famiglia potrebbe offrire sarebbe di circa 300 lire, una cifra esigua a suo dire. Nel chiudere il suo lungo discorso il parroco invita tutti alla concordia e non perde l\u2019occasione per chiedere subito, a tutti quelli che hanno animali da tiro, di fare qualche viaggio da Prognol per portare materiale verso il cantiere.<br \/>Il 2 luglio del 1922 in pubblica assemblea tutto il progetto viene approvato, inclusa l\u2019apertura di un conto corrente con garanzie a scalare a seconda del reddito dei singoli garanti.<br \/>Il 13 luglio iniziarono gli scavi per le fondazioni, che furono realizzate in poco meno di due mesi.<br \/>E cos\u00ec, spinti dalla fede e dall\u2019ardimento, sotto la guida forte di un parroco determinato a portare a termine l\u2019opera, forse un po\u2019 inconsapevoli di quello a cui andavano incontro, spinti pure dal progetto faraonico di don Trecca, dopo aver completato gli scavi preliminari e dopo aver realizzato la palafitta delle fondazioni, il 24 agosto 1922 alle ore10.45 ebbe inizio la gettata di calcestruzzo.<br \/>La vicenda delle fondazioni fu senz\u2019altro il primo vero problema che si dovette affrontare: il terreno su cui ci si era portati per la costruzione del nuovo tempio non era certo solido come ci si attendeva e tutto il legname accumulato per giungere fino al termine dei lavori venne utilizzato per realizzare una vera e propria palafitta di fondazione, cosa che provoc\u00f2 fin da subito lo sforamento del preventivo di spesa.<br \/>Il 28 settembre 1922 il Vescovo ausiliare di Verona, monsignor Giordano Corsini, bened\u00ec solennemente la prima pietra del nuovo tempio.<\/p>\n<p><strong>2.3 L\u2019inaugurazione<\/strong><br \/>Nonostante la chiesa fosse ancora spoglia, col solo altare maggiore, senza affreschi, senza atrio e con ancora qualche residua impalcatura e i muri al grezzo, essa, come scrisse il Corriere del Mattino, doveva essere inaugurata: lo chiedevano l\u2019ardimento degli uomini che lavorarono all\u2019impresa e l\u2019imponenza dell\u2019edificio. <br \/>La festa dur\u00f2 due giorni: nel primo ebbe luogo la vera e propria inaugurazione della chiesa, con messa pontificale e benedizione papale, che vide giungere a Marano una folla immensa da tutti i paesi vicini; presenti tutte le maestranze, tutte le confraternite e associazioni parrocchiali, la Schola Cantorum, la Banda di Negrar, e la festa culmin\u00f2 in un grande spettacolo pirotecnico serale. <br \/>Il secondo giorno invece fu una festa pi\u00f9 intima, nella quale il Vescovo amministr\u00f2 il sacramento della Cresima ai ragazzi della parrocchia, una giornata che termin\u00f2 con una lunga processione eucaristica sugellata dal solenne Te Deum.<br \/>Nella minuziosa relazione della festa fatta dal Corriere del Mattino si fa menzione di tutti coloro che in un modo o nell\u2019altro hanno contribuito all\u2019impresa della costruzione di questo maestoso tempio.<\/p>\n\n\n","protected":false},"excerpt":{"rendered":"<p>2.1 Ristrutturazione, ampliamento o una chiesa nuova?I fatti che riguardano la costruzione della chiesa parrocchiale di Marano di Valpolicella sono ormai nella memoria di pochi, anche se la tradizione orale ha mantenuto vivi nella memoria collettiva dei parrocchiani sia i dubbi che hanno preceduto la sua costruzione, sia le molte vicende legate ai lavori stessi. &hellip; <\/p>\n<p><a class=\"more-link btn\" href=\"https:\/\/www.maranovalgatarasanrocco.it\/a\/?page_id=3784\">Continua a leggere<\/a><\/p>\n","protected":false},"author":1,"featured_media":0,"parent":3760,"menu_order":0,"comment_status":"closed","ping_status":"closed","template":"","meta":{"footnotes":""},"class_list":["post-3784","page","type-page","status-publish","hentry","nodate","item-wrap"],"_links":{"self":[{"href":"https:\/\/www.maranovalgatarasanrocco.it\/a\/index.php?rest_route=\/wp\/v2\/pages\/3784","targetHints":{"allow":["GET"]}}],"collection":[{"href":"https:\/\/www.maranovalgatarasanrocco.it\/a\/index.php?rest_route=\/wp\/v2\/pages"}],"about":[{"href":"https:\/\/www.maranovalgatarasanrocco.it\/a\/index.php?rest_route=\/wp\/v2\/types\/page"}],"author":[{"embeddable":true,"href":"https:\/\/www.maranovalgatarasanrocco.it\/a\/index.php?rest_route=\/wp\/v2\/users\/1"}],"replies":[{"embeddable":true,"href":"https:\/\/www.maranovalgatarasanrocco.it\/a\/index.php?rest_route=%2Fwp%2Fv2%2Fcomments&post=3784"}],"version-history":[{"count":5,"href":"https:\/\/www.maranovalgatarasanrocco.it\/a\/index.php?rest_route=\/wp\/v2\/pages\/3784\/revisions"}],"predecessor-version":[{"id":3794,"href":"https:\/\/www.maranovalgatarasanrocco.it\/a\/index.php?rest_route=\/wp\/v2\/pages\/3784\/revisions\/3794"}],"up":[{"embeddable":true,"href":"https:\/\/www.maranovalgatarasanrocco.it\/a\/index.php?rest_route=\/wp\/v2\/pages\/3760"}],"wp:attachment":[{"href":"https:\/\/www.maranovalgatarasanrocco.it\/a\/index.php?rest_route=%2Fwp%2Fv2%2Fmedia&parent=3784"}],"curies":[{"name":"wp","href":"https:\/\/api.w.org\/{rel}","templated":true}]}}